{"id":3,"date":"2022-12-15T15:07:13","date_gmt":"2022-12-15T15:07:13","guid":{"rendered":"https:\/\/kingsofink.pl\/?page_id=3"},"modified":"2023-09-04T08:26:12","modified_gmt":"2023-09-04T08:26:12","slug":"privacy-policy","status":"publish","type":"page","link":"https:\/\/kingsofink.pl\/index.php\/privacy-policy\/","title":{"rendered":"Polityka Prywatno\u015bci"},"content":{"rendered":"\t\t<div data-elementor-type=\"wp-page\" data-elementor-id=\"3\" class=\"elementor elementor-3\">\n\t\t\t\t\t\t<section class=\"elementor-section elementor-top-section elementor-element elementor-element-5d905c15 elementor-section-boxed elementor-section-height-default elementor-section-height-default\" data-id=\"5d905c15\" data-element_type=\"section\" data-e-type=\"section\">\n\t\t\t\t\t\t<div class=\"elementor-container elementor-column-gap-default\">\n\t\t\t\t\t<div class=\"elementor-column elementor-col-100 elementor-top-column elementor-element elementor-element-7a63b682\" data-id=\"7a63b682\" data-element_type=\"column\" data-e-type=\"column\">\n\t\t\t<div class=\"elementor-widget-wrap elementor-element-populated\">\n\t\t\t\t\t\t<div class=\"elementor-element elementor-element-62461dd8 elementor-widget elementor-widget-text-editor\" data-id=\"62461dd8\" data-element_type=\"widget\" data-e-type=\"widget\" data-widget_type=\"text-editor.default\">\n\t\t\t\t<div class=\"elementor-widget-container\">\n\t\t\t\t\t\t\t\t\t<p><\/p>\n<p><span style=\"font-weight: 400;\">Niniejsza Polityka stanowi podstawow\u0105 informacj\u0119 o celach, sposobach przetwarzania oraz bezpiecze\u0144stwie Twoich danych osobowych, jako u\u017cytkownika strony: <\/span><a href=\"https:\/\/kingsofink.pl\/\"><span style=\"font-weight: 400;\">https:\/\/kingsofink.pl\/<\/span><\/a><span style=\"font-weight: 400;\"> (zwanej dalej Stron\u0105). Zapoznaj\u0105c si\u0119 z Polityk\u0105 prywatno\u015bci dowiesz si\u0119, kto jest administratorem Twoich danych osobowych, jakie dane osobowe s\u0105 przez Stron\u0119 zbierane, w jakich celach s\u0105 wykorzystywane oraz jak s\u0105 chronione.<\/span><\/p>\n<h3 class=\"wp-block-heading\"><b>\u00a71. Informacje podstawowe.<\/b><\/h3>\n<ol>\n<li style=\"font-weight: 400;\" aria-level=\"1\"><span style=\"font-weight: 400;\">Administratorem Twoich danych osobowych jest: Kings Of Ink, ul. Wielopole 18B, 33-332 Krak\u00f3w.<\/span><\/li>\n<li style=\"font-weight: 400;\" aria-level=\"1\"><span style=\"font-weight: 400;\">Kontakt z Administratorem jest mo\u017cliwy za po\u015brednictwem:<\/span><span style=\"font-weight: 400;\"><br><\/span><span style=\"font-weight: 400;\">poczty e-mail: krakow@kingsofink.pl<\/span><\/li>\n<\/ol>\n<h3><b>\u00a72. Zasady przetwarzania danych.<\/b><\/h3>\n<ol>\n<li style=\"font-weight: 400;\" aria-level=\"1\"><span style=\"font-weight: 400;\">Administrator przetwarza dane osobowe z poszanowaniem nast\u0119puj\u0105cych zasad:<\/span>\n<ul>\n<li style=\"font-weight: 400;\" aria-level=\"2\"><span style=\"font-weight: 400;\">w oparciu o podstaw\u0119 prawn\u0105 i zgodnie z prawem (legalizm);<\/span><\/li>\n<li style=\"font-weight: 400;\" aria-level=\"2\"><span style=\"font-weight: 400;\">rzetelnie i uczciwie (rzetelno\u015b\u0107);<\/span><\/li>\n<li style=\"font-weight: 400;\" aria-level=\"2\"><span style=\"font-weight: 400;\">w spos\u00f3b przejrzysty dla osoby, kt\u00f3rej dane dotycz\u0105 (transparentno\u015b\u0107);<\/span><\/li>\n<li style=\"font-weight: 400;\" aria-level=\"2\"><span style=\"font-weight: 400;\">w konkretnych celach i nie \u201ena zapas\u201d (minimalizacja);<\/span><\/li>\n<li style=\"font-weight: 400;\" aria-level=\"2\"><span style=\"font-weight: 400;\">nie wi\u0119cej ni\u017c potrzeba (adekwatno\u015b\u0107);<\/span><\/li>\n<li style=\"font-weight: 400;\" aria-level=\"2\"><span style=\"font-weight: 400;\">z dba\u0142o\u015bci\u0105 o prawid\u0142owo\u015b\u0107 danych (prawid\u0142owo\u015b\u0107);<\/span><\/li>\n<li style=\"font-weight: 400;\" aria-level=\"2\"><span style=\"font-weight: 400;\">nie d\u0142u\u017cej ni\u017c potrzeba (czasowo\u015b\u0107);<\/span><\/li>\n<li style=\"font-weight: 400;\" aria-level=\"2\"><span style=\"font-weight: 400;\">zapewniaj\u0105c odpowiednie bezpiecze\u0144stwo danych (bezpiecze\u0144stwo).<\/span><\/li>\n<\/ul>\n<\/li>\n<\/ol>\n<h3><b>\u00a73. Cele, podstawy prawne i zakres przetwarzania danych.<\/b><\/h3>\n<ol>\n<li style=\"font-weight: 400;\" aria-level=\"1\"><span style=\"font-weight: 400;\">Twoje dane b\u0119dziemy przetwarza\u0107:<\/span>\n<ul>\n<li style=\"font-weight: 400;\" aria-level=\"2\"><span style=\"font-weight: 400;\">w celach kontaktowych, aby udzieli\u0107 ci odpowiedzi na Twoj\u0105 wiadomo\u015b\u0107 przes\u0142an\u0105 nam bezpo\u015brednio drog\u0105 e-mailow\u0105 lub za po\u015brednictwem formularza na podstawie realizacji prawnie uzasadnionego interesu Administratora zwi\u0105zanego z konieczno\u015bci\u0105 udzielenia Ci odpowiedzi;<\/span><\/li>\n<li style=\"font-weight: 400;\" aria-level=\"2\"><span style=\"font-weight: 400;\">w celach statystycznych, analitycznych oraz monitorowania ruchu na Stronie przy u\u017cyciu plik\u00f3w cookies na podstawie realizacji prawnie uzasadnionego interesu Administratora zwi\u0105zanego z prawid\u0142owym dzia\u0142aniem i funkcjonowaniem Strony oraz prowadzeniem analizy ruchu na stronie;<\/span><\/li>\n<li style=\"font-weight: 400;\" aria-level=\"2\"><span style=\"font-weight: 400;\">w celach \u015bwiadczenia us\u0142ug biurowych, bie\u017c\u0105cej obs\u0142ugi klienta oraz us\u0142ug informatycznych;<\/span><\/li>\n<li style=\"font-weight: 400;\" aria-level=\"2\"><span style=\"font-weight: 400;\">w celu przesy\u0142ania informacji handlowych drog\u0105 elektroniczn\u0105 lub wykonywania telefonicznych po\u0142\u0105cze\u0144 w celu marketingu bezpo\u015bredniego.<\/span><\/li>\n<\/ul>\n<\/li>\n<li style=\"font-weight: 400;\" aria-level=\"1\"><span style=\"font-weight: 400;\">Przetwarzamy Twoje dane w zakresie:<\/span>\n<ul>\n<li style=\"font-weight: 400;\" aria-level=\"2\"><span style=\"font-weight: 400;\">je\u015bli prze\u015blesz nam wiadomo\u015b\u0107 e-mail, to b\u0119dziemy przetwarza\u0107 dane, kt\u00f3re b\u0119d\u0105 w niej zawarte. Przekazanie nam danych w e-mailu nast\u0119puje dobrowolnie. W ka\u017cdym czasie mo\u017cesz zwr\u00f3ci\u0107 si\u0119 do nas z pro\u015bb\u0105 o usuni\u0119cie tych danych;<\/span><\/li>\n<li style=\"font-weight: 400;\" aria-level=\"2\"><span style=\"font-weight: 400;\">je\u015bli skorzysta\u0107 z formularza kontaktowego na naszej stronie to b\u0119dziemy przetwarza\u0107 dane w postaci: twojej nazwy firmy\/imienia i nazwiska oraz twojego adresu e-mail. Podanie tych danych stanowi warunek udzielenia przez nas odpowiedzi na Twoje zapytanie.<\/span><\/li>\n<li style=\"font-weight: 400;\" aria-level=\"2\"><span style=\"font-weight: 400;\">pozosta\u0142e dane, kt\u00f3re Administrator przetwarza to adres IP i inne dane zapisywane w plikach cookies, kt\u00f3re s\u0142u\u017c\u0105 Administratorowi do analizy korzystania przez Ciebie i innych u\u017cytkownik\u00f3w Strony. Przetwarzanie danych w tym zakresie mo\u017ce zosta\u0107 wstrzymane po z\u0142o\u017ceniu przez Ciebie sprzeciwu.<\/span><\/li>\n<\/ul>\n<\/li>\n<li style=\"font-weight: 400;\" aria-level=\"1\"><span style=\"font-weight: 400;\">SM Venture Sp. z o.o. zabezpiecza dane osobowe przed ich udost\u0119pnieniem osobom nieupowa\u017cnionym, jak r\u00f3wnie\u017c przed ich przetwarzaniem z naruszeniem obowi\u0105zuj\u0105cych przepis\u00f3w prawa.<\/span><\/li>\n<li style=\"font-weight: 400;\" aria-level=\"1\"><span style=\"font-weight: 400;\">Dane osobowe nie s\u0105 przetwarzane w spos\u00f3b zautomatyzowany.<\/span><\/li>\n<li style=\"font-weight: 400;\" aria-level=\"1\"><span style=\"font-weight: 400;\">Dane osobowe mog\u0105 by\u0107 przetwarzane przez podwykonawc\u00f3w \u015bwiadcz\u0105cych us\u0142ugi ksi\u0119gowe, dostawc\u00f3w odpowiedzialnych za obs\u0142ug\u0119 system\u00f3w informatycznych, banki i operator\u00f3w p\u0142atno\u015bci, instytucje prawne, audytowe, konsultingowe, kurierskie itp.<\/span><\/li>\n<li style=\"font-weight: 400;\" aria-level=\"1\"><span style=\"font-weight: 400;\">Wszystkie podmioty, kt\u00f3rym SM Venture Sp. z o.o. powierza przetwarzanie danych osobowych, gwarantuj\u0105 stosowanie odpowiednich \u015brodk\u00f3w ochrony i bezpiecze\u0144stwa danych osobowych wymaganych przez przepisy prawa.<\/span><\/li>\n<\/ol>\n<h3><b>\u00a74. Odbiorcy danych oraz zamiar przekazywania danych do Pa\u0144stwa spoza EOG lub organizacji mi\u0119dzynarodowej.<\/b><\/h3>\n<ol>\n<li style=\"font-weight: 400;\" aria-level=\"1\"><span style=\"font-weight: 400;\">Odbiorc\u0105 Twoich danych osobowych jest podmiot dostarczaj\u0105cy oprogramowanie do analizy ruchu na naszej stronie (Google Analytics).<\/span><\/li>\n<li style=\"font-weight: 400;\" aria-level=\"1\"><span style=\"font-weight: 400;\">Twoje dane nie s\u0105 przekazywane do Pa\u0144stw spoza EOG lub organizacji mi\u0119dzynarodowych.<\/span><\/li>\n<\/ol>\n<h3><b>\u00a75. Termin przechowywania danych.<\/b><\/h3>\n<p><span style=\"font-weight: 400;\">Nie jeste\u015bmy w stanie ustali\u0107, przez jaki okres przetwarza\u0107 b\u0119dziemy Twoje dane osobowe. Je\u015bli przekaza\u0142e\u015b nam swoje dane w formularzu lub wiadomo\u015bci e-mail w celach kontaktowych to Twoje dane b\u0119dziemy przetwarza\u0107 do momentu z\u0142o\u017cenia przez Ciebie \u017c\u0105dania usuni\u0119cia tych danych lub sprzeciwu wobec przetwarzania, ale r\u00f3wnie\u017c w przypadku, w kt\u00f3rym uznamy, \u017ce zrealizowali\u015bmy prawnie uzasadniony interes Administratora.<\/span><\/p>\n<h3><b>\u00a76. Prawa u\u017cytkownik\u00f3w.<\/b><\/h3>\n<ol>\n<li style=\"font-weight: 400;\" aria-level=\"1\"><span style=\"font-weight: 400;\">W zwi\u0105zku z przetwarzaniem Twoich danych przys\u0142uguj\u0105 Ci nast\u0119puj\u0105ce prawa:<\/span>\n<ul>\n<li style=\"font-weight: 400;\" aria-level=\"2\"><span style=\"font-weight: 400;\">dost\u0119pu do tre\u015bci swoich danych oraz<\/span><\/li>\n<li style=\"font-weight: 400;\" aria-level=\"2\"><span style=\"font-weight: 400;\">prawo ich sprostowania, usuni\u0119cia, ograniczenia przetwarzania,<\/span><\/li>\n<li style=\"font-weight: 400;\" aria-level=\"2\"><span style=\"font-weight: 400;\">prawo do przenoszenia danych,<\/span><\/li>\n<li style=\"font-weight: 400;\" aria-level=\"2\"><span style=\"font-weight: 400;\">prawo wniesienia sprzeciwu,<\/span><\/li>\n<li style=\"font-weight: 400;\" aria-level=\"2\"><span style=\"font-weight: 400;\">prawo do cofni\u0119cia zgody na ich przetwarzanie w dowolnym momencie i w dowolnej formie, chyba \u017ce przetwarzanie Pa\u0144stwa danych odbywa si\u0119<\/span><\/li>\n<li style=\"font-weight: 400;\" aria-level=\"2\"><span style=\"font-weight: 400;\">w celu wykonywania umowy przez Administratora, w celu wywi\u0105zania si\u0119 przez Administratora z obowi\u0105zk\u00f3w prawnych wzgl\u0119dem instytucji pa\u0144stwowych lub w celu realizacji prawnie uzasadnionych interes\u00f3w Administratora.<\/span><\/li>\n<\/ul>\n<\/li>\n<li style=\"font-weight: 400;\" aria-level=\"1\"><span style=\"font-weight: 400;\">Masz tak\u017ce prawo wniesienia skargi do Prezesa Urz\u0119du Ochrony Danych Osobowych (na adres Urz\u0119du Ochrony Danych Osobowych, ul. Stawki 2, 00-193 Warszawa).<\/span><\/li>\n<li style=\"font-weight: 400;\" aria-level=\"1\"><span style=\"font-weight: 400;\">Wi\u0119cej informacji w przedmiocie ochrony danych osobowych mog\u0105 Pa\u0144stwo otrzyma\u0107 na stronie internetowej Urz\u0119du Ochrony Danych Osobowych: www.uodo.gov.pl<\/span><\/li>\n<\/ol>\n<h3><b>\u00a77. Pliki cookies.<\/b><\/h3>\n<ol>\n<li style=\"font-weight: 400;\" aria-level=\"1\"><span style=\"font-weight: 400;\">Pliki cookies (tzw. \u201eciasteczka\u201d) stanowi\u0105 dane informatyczne, w szczeg\u00f3lno\u015bci pliki tekstowe, kt\u00f3re przechowywane s\u0105 w urz\u0105dzeniu ko\u0144cowym, czyli Twoim komputerze, laptopie lub smartfonie, w zale\u017cno\u015bci jakiego urz\u0105dzenia u\u017cywasz do ogl\u0105dania Strony. Cookies zazwyczaj zawieraj\u0105 nazw\u0119 strony internetowej, z kt\u00f3rej pochodz\u0105, czas przechowywania ich na urz\u0105dzeniu ko\u0144cowym oraz unikalny numer. Sam mo\u017cesz zadecydowa\u0107 o formie wykorzystania cookies \u2013 ustawienia te s\u0105 dost\u0119pne w ka\u017cdej przegl\u0105darce internetowej.<\/span><\/li>\n<li style=\"font-weight: 400;\" aria-level=\"1\"><span style=\"font-weight: 400;\">Pliki cookies s\u0142u\u017c\u0105 przede wszystkim twojej wygodzie \u2013 dzi\u0119ki ich u\u017cyciu, znacznie skraca si\u0119 czas \u0142adowania strony podczas kolejnych odwiedzin.<\/span><\/li>\n<li style=\"font-weight: 400;\" aria-level=\"1\"><span style=\"font-weight: 400;\">Cechy plik\u00f3w cookies:<\/span>\n<ul>\n<li style=\"font-weight: 400;\" aria-level=\"2\"><span style=\"font-weight: 400;\">dostosowuj\u0105 zawarto\u015b\u0107 stron internetowych serwisu do U\u017cytkownika. Optymalizuj\u0105 poruszanie U\u017cytkownika na stronie, w szczeg\u00f3lno\u015bci pliki te pozwalaj\u0105 rozpozna\u0107 urz\u0105dzenie, za pomoc\u0105 kt\u00f3rego wy\u015bwietlana jest strona i tak ustawi\u0107 jej parametry, by nawigacja nie sprawia\u0142a problem\u00f3w i zoptymalizowana pod wzgl\u0119dem indywidualnych potrzeb U\u017cytkownika;<\/span><\/li>\n<li style=\"font-weight: 400;\" aria-level=\"2\"><span style=\"font-weight: 400;\">pozwalaj\u0105 wy\u015bwietli\u0107 stron\u0119 internetow\u0105, dostosowan\u0105 do Twoich indywidualnych potrzeb;<\/span><\/li>\n<li style=\"font-weight: 400;\" aria-level=\"2\"><span style=\"font-weight: 400;\">tworz\u0105 statystyki, dzi\u0119ki kt\u00f3rym Administrator wie, kt\u00f3re tre\u015bci ciesz\u0105 si\u0119 zainteresowaniem U\u017cytkownik\u00f3w. Pozwala to na ci\u0105g\u0142e ulepszanie strony i tak\u0105 konstrukcj\u0119 tre\u015bci, kt\u00f3ra b\u0119dzie odpowiada\u0142a osobom odwiedzaj\u0105cym stron\u0119;<\/span><\/li>\n<li style=\"font-weight: 400;\" aria-level=\"2\"><span style=\"font-weight: 400;\">pozwalaj\u0105 na wielokrotne wykorzystanie opcji logowania przez U\u017cytkownika, co jest dla Ciebie du\u017co wygodniejsze, gdy\u017c podczas przemieszczania si\u0119 po stronie i wielokrotnych odwiedzin nie jeste\u015b zmuszony do ka\u017cdorazowego wpisywania loginu i has\u0142a.<\/span><\/li>\n<\/ul>\n<\/li>\n<li style=\"font-weight: 400;\" aria-level=\"1\"><span style=\"font-weight: 400;\">W ramach Strony stosowane s\u0105 dwa zasadnicze rodzaje plik\u00f3w cookies: \u201esesyjne\u201d (session cookies) oraz \u201esta\u0142e\u201d (persistent cookies). Cookies \u201esesyjne\u201d s\u0105 plikami tymczasowymi, kt\u00f3re przechowywane s\u0105 w urz\u0105dzeniu ko\u0144cowym U\u017cytkownika do czasu wylogowania, opuszczenia strony internetowej lub wy\u0142\u0105czenia oprogramowania (przegl\u0105darki internetowej). \u201eSta\u0142e\u201d pliki cookies przechowywane s\u0105 w urz\u0105dzeniu ko\u0144cowym U\u017cytkownika przez czas okre\u015blony w parametrach plik\u00f3w cookies lub do czasu ich usuni\u0119cia przez U\u017cytkownika.<\/span><\/li>\n<li style=\"font-weight: 400;\" aria-level=\"1\"><span style=\"font-weight: 400;\">U\u017cytkownik mo\u017ce w ka\u017cdym momencie usun\u0105\u0107 pliki cookies.<\/span><\/li>\n<li style=\"font-weight: 400;\" aria-level=\"1\"><span style=\"font-weight: 400;\">Wprowadzone przez u\u017cytkownika ograniczenia stosowania plik\u00f3w cookies mog\u0105 wp\u0142yn\u0105\u0107 na niekt\u00f3re funkcjonalno\u015bci Strony, znacznie utrudniaj\u0105c swobodne korzystanie ze wszystkich jego opcji.<\/span><\/li>\n<li style=\"font-weight: 400;\" aria-level=\"1\"><span style=\"font-weight: 400;\">Pliki cookies s\u0105 zamieszczane w urz\u0105dzeniu ko\u0144cowym U\u017cytkownika i wykorzystywane mog\u0105 by\u0107 r\u00f3wnie\u017c przez wsp\u00f3\u0142pracuj\u0105cych z operatorem Strony reklamodawc\u00f3w oraz innych partner\u00f3w. U\u017cytkownik jednak\u017ce w ka\u017cdej chwili mo\u017ce je usun\u0105\u0107.<\/span><\/li>\n<li style=\"font-weight: 400;\" aria-level=\"1\"><span style=\"font-weight: 400;\">Wi\u0119cej szczeg\u00f3\u0142owych informacji na temat plik\u00f3w cookies dost\u0119pnych jest pod adresem http:\/\/wszystkoociasteczkach.pl lub w sekcji \u201ePomoc\u201d w menu przegl\u0105darki internetowej.<\/span><\/li>\n<li style=\"font-weight: 400;\" aria-level=\"1\"><span style=\"font-weight: 400;\">Je\u017celi masz w\u0105tpliwo\u015bci co do ustawie\u0144 plik\u00f3w cookies, skontaktuj si\u0119 z operatorem swojej przegl\u0105darki internetowej.<\/span><\/li>\n<li style=\"font-weight: 400;\" aria-level=\"1\"><span style=\"font-weight: 400;\">Je\u017celi nie zgadzasz si\u0119 na wykorzystywanie cookies przez Stron\u0119, opu\u015b\u0107 j\u0105 lub aktywuj odpowiednie ustawienia w swojej przegl\u0105darce internetowej.<\/span><\/li>\n<\/ol>\n<p><span style=\"font-weight: 400;\">&nbsp;<\/span><\/p>\n<p><span style=\"font-weight: 400;\">Niniejsza polityka prywatno\u015bci zosta\u0142a stworzona na podstawie wytycznych z bloga SardynkiBiznesu.pl.<\/span><\/p>\n<h2>\n<\/h2>\n<p><\/p>\t\t\t\t\t\t\t\t<\/div>\n\t\t\t\t<\/div>\n\t\t\t\t\t<\/div>\n\t\t<\/div>\n\t\t\t\t\t<\/div>\n\t\t<\/section>\n\t\t\t\t<\/div>\n\t\t","protected":false},"excerpt":{"rendered":"<p>Niniejsza Polityka stanowi podstawow\u0105 informacj\u0119 o celach, sposobach przetwarzania oraz bezpiecze\u0144stwie Twoich danych osobowych, jako u\u017cytkownika strony: https:\/\/kingsofink.pl\/ (zwanej dalej Stron\u0105). Zapoznaj\u0105c si\u0119 z Polityk\u0105 prywatno\u015bci dowiesz si\u0119, kto jest administratorem Twoich danych osobowych, jakie dane osobowe s\u0105 przez Stron\u0119 zbierane, w jakich celach s\u0105 wykorzystywane oraz jak s\u0105 chronione. \u00a71. Informacje podstawowe. Administratorem Twoich [&hellip;]<\/p>\n","protected":false},"author":1,"featured_media":0,"parent":0,"menu_order":0,"comment_status":"closed","ping_status":"closed","template":"","meta":{"footnotes":""},"class_list":["post-3","page","type-page","status-publish","hentry"],"blocksy_meta":{"styles_descriptor":{"styles":{"desktop":"","tablet":"","mobile":""},"google_fonts":[],"version":6}},"_links":{"self":[{"href":"https:\/\/kingsofink.pl\/index.php\/wp-json\/wp\/v2\/pages\/3","targetHints":{"allow":["GET"]}}],"collection":[{"href":"https:\/\/kingsofink.pl\/index.php\/wp-json\/wp\/v2\/pages"}],"about":[{"href":"https:\/\/kingsofink.pl\/index.php\/wp-json\/wp\/v2\/types\/page"}],"author":[{"embeddable":true,"href":"https:\/\/kingsofink.pl\/index.php\/wp-json\/wp\/v2\/users\/1"}],"replies":[{"embeddable":true,"href":"https:\/\/kingsofink.pl\/index.php\/wp-json\/wp\/v2\/comments?post=3"}],"version-history":[{"count":11,"href":"https:\/\/kingsofink.pl\/index.php\/wp-json\/wp\/v2\/pages\/3\/revisions"}],"predecessor-version":[{"id":3592,"href":"https:\/\/kingsofink.pl\/index.php\/wp-json\/wp\/v2\/pages\/3\/revisions\/3592"}],"wp:attachment":[{"href":"https:\/\/kingsofink.pl\/index.php\/wp-json\/wp\/v2\/media?parent=3"}],"curies":[{"name":"wp","href":"https:\/\/api.w.org\/{rel}","templated":true}]}}