{"id":359,"date":"2023-01-31T08:40:37","date_gmt":"2023-01-31T08:40:37","guid":{"rendered":"https:\/\/kingsofink.pl\/?page_id=359"},"modified":"2025-08-04T15:19:05","modified_gmt":"2025-08-04T15:19:05","slug":"regulamin","status":"publish","type":"page","link":"https:\/\/kingsofink.pl\/index.php\/regulamin\/","title":{"rendered":"Regulamin"},"content":{"rendered":"\t\t<div data-elementor-type=\"wp-page\" data-elementor-id=\"359\" class=\"elementor elementor-359\">\n\t\t\t\t\t\t<section class=\"elementor-section elementor-top-section elementor-element elementor-element-5d905c15 elementor-section-boxed elementor-section-height-default elementor-section-height-default\" data-id=\"5d905c15\" data-element_type=\"section\" data-e-type=\"section\">\n\t\t\t\t\t\t<div class=\"elementor-container elementor-column-gap-default\">\n\t\t\t\t\t<div class=\"elementor-column elementor-col-100 elementor-top-column elementor-element elementor-element-7a63b682\" data-id=\"7a63b682\" data-element_type=\"column\" data-e-type=\"column\">\n\t\t\t<div class=\"elementor-widget-wrap elementor-element-populated\">\n\t\t\t\t\t\t<div class=\"elementor-element elementor-element-62461dd8 elementor-widget elementor-widget-text-editor\" data-id=\"62461dd8\" data-element_type=\"widget\" data-e-type=\"widget\" data-widget_type=\"text-editor.default\">\n\t\t\t\t<div class=\"elementor-widget-container\">\n\t\t\t\t\t\t\t\t\t<ol><li>Klient zobowi\u0105zany jest do zapoznania si\u0119 z tre\u015bci\u0105 regulaminu.<\/li><li>Studio wykonuje wszystkie zabiegi tylko osobom pe\u0142noletnim.<\/li><li>Osoby niepe\u0142noletnie \u2013 wymagana zgoda opiekuna prawnego na pi\u015bmie.<\/li><li>Studio zapewnia sterylno\u015b\u0107 u\u017cywanych do zabieg\u00f3w narz\u0119dzi.<\/li><li>Studio nie wykonuje zabieg\u00f3w osobom b\u0119d\u0105cym pod wp\u0142ywem alkoholu, narkotyk\u00f3w, \u015brodk\u00f3w psychoaktywnych i odurzaj\u0105cych.<\/li><li>W studiu obowi\u0105zuje bezwzgl\u0119dny zakaz dotykania przedmiot\u00f3w s\u0142u\u017c\u0105cych do wykonywania tatua\u017cu oraz materia\u0142\u00f3w pomocniczych. Nie przestrzeganie zalece\u0144 grozi trwa\u0142\u0105 utrata zdrowia.<\/li><li>Ceny w studiu ustalane s\u0105 indywidualnie. Wycena dokonywana jest na podstawie powierzchni tatua\u017cu lub w przypadku du\u017cych tatua\u017cy na podstawie ilo\u015bci ca\u0142odziennych sesji po\u015bwi\u0119conych na ich wykonanie.<\/li><li>Rezerwacja terminu na wykonanie tatua\u017cu mo\u017ce zosta\u0107 dokonana osobi\u015bcie lub telefonicznie.<\/li><li>Po ustaleniu terminu sesji klient zobowi\u0105zany jest do wp\u0142aty zadatku. Koszt tatua\u017cu po jego wykonaniu uwzgl\u0119dnia wp\u0142acony uprzednio zadatek. Ka\u017cda wp\u0142ata b\u0119dzie traktowana jako zadatek. Nie przyjmujemy zaliczek. Zadatek jest bezzwrotny.<\/li><li>Wp\u0142ata zadatku jest r\u00f3wnoznaczna z Akceptacj\u0105 Regulaminu.<\/li><li><div>Nierozliczone zadatki zostaj\u0105 skasowane po up\u0142ywie 6 miesi\u0119cy od ostatniej sesji, lub po up\u0142ywie 6 miesi\u0119cy od wp\u0142aty je\u015bli \u017cadna sesja nie odby\u0142a si\u0119.<\/div><\/li><li>Klient ma prawo do maksymalnie dwukrotnej zmiany terminu (za ka\u017cdym razem na minimum 7 dni przed wizyt\u0105) bez konsekwencji utraty zadatku.<\/li><li>Klient ma prawo do zmiany terminu sesji, nie p\u00f3\u017aniej ni\u017c 7 dni przed ustalonym terminem sesji.<\/li><li>W przypadku rezerwacji kilku termin\u00f3w na raz pobierany jest zadatek za ka\u017cdy termin, ale rozliczany jest sumarycznie na ostatniej sesji.<\/li><li>Nie przybycie w wyznaczonym terminie lub brak powiadomienia na 7 dni przed wykonaniem zabiegu jest jednoznaczne z utrat\u0105 dokonanej op\u0142aty.<\/li><li>W przypadku tatua\u017cy, kt\u00f3rych realizacja obejmuje wi\u0119cej ni\u017c 1 sesj\u0119, zadatek rozliczany jest zawsze na ostatniej sesji.<\/li><li>Minimalny koszt tatua\u017cu to 300 z\u0142. Od tej kwoty nie obowi\u0105zuj\u0105 promocje, vouchery rabatowe itp. chyba, \u017ce zostanie ustalone inaczej przy umawianiu wizyty.<\/li><li>Studio mo\u017ce wysy\u0142a\u0107 powiadomienia SMS przed wyznaczonym terminem sesji z przypomnieniem o zbli\u017caj\u0105cym si\u0119 terminie wykonania tatua\u017cu.<\/li><li>Studio nie ponosi odpowiedzialno\u015bci za nieprzestrzeganie zasad piel\u0119gnacji podczas procesu gojenia tatua\u017cu. W\u00f3wczas ewentualne poprawki s\u0105 p\u0142atne i ustalane z Klientem. Koszt minimalny od 200z\u0142.<\/li><li>Studio nie ponosi odpowiedzialno\u015bci za spos\u00f3b zachowania si\u0119 barwnik\u00f3w na ciele, ze wzgl\u0119du na szeroko poj\u0119ty proces gojenia si\u0119 cia\u0142a oraz miejsca nara\u017cone na szeroko poj\u0119ty proces przecieranie si\u0119.<\/li><li>Klient przyjmuje do wiadomo\u015bci i jest \u015bwiadom fakty, \u017ce tatua\u017ce wykonane w tzw &#8222;miejscach \u015bcieralnych&#8221; jak np. d\u0142o\u0144, \u0142okie\u0107, stopa, nadgarstek mog\u0105 by\u0107 nietrwa\u0142e, ze wzgl\u0119du na specyfik\u0119 miejsca.\u00a0<\/li><li>Poprawki tatua\u017cy robionych w miejscach \u015bcieralnych takich jak d\u0142onie, palce, stopy oraz cover\u00f3w starych tatua\u017cy s\u0105 p\u0142atne, chyba, \u017ce zostanie ustalone inaczej.<\/li><li>Na \u017cyczenie klienta udost\u0119pniamy atesty stosowanych w studiu farb. Ponowne wbijanie tuszu, o ile zajdzie taka potrzeba jest p\u0142atne i ustalane z Klientem. Koszt nie mniejszy ni\u017c 150z\u0142.<\/li><li>Projekt tatua\u017cu mo\u017ce zosta\u0107 wys\u0142any do Klienta na jego \u017cyczenie po wp\u0142acie 50% warto\u015bci tatua\u017cu, w ustalonym z Klientem terminie.<\/li><li>Je\u017celi Klient um\u00f3wi\u0142 si\u0119 na wykonanie tatua\u017cu na jedn\u0105 sesj\u0119, a podczas trwania sesji oka\u017c\u0119 sie, \u017ce nie ma mo\u017cliwo\u015bci sko\u0144czy\u0107 tatua\u017cu na jednej sesji, w\u00f3wczas ustalana jest druga sesja i jej koszt.<\/li><li>Studio udziela wszystkich informacji na temat gojenia i piel\u0119gnacji wykonanego tatua\u017cu oraz dysponuje kosmetykami szczeg\u00f3lnie do tego celu przeznaczonymi, kt\u00f3re rekomenduje i poleca.<\/li><li>Studio umo\u017cliwia niezobowi\u0105zuj\u0105ce klienta konsultacje celem om\u00f3wienia ewentualnego projektu, odpowiedzi na nurtuj\u0105ce klienta pytania dotycz\u0105ce wykonania tatua\u017cu.<\/li><li>Tatuatorzy zastrzegaj\u0105 sobie prawo do odmowy wykonania tatua\u017cu bez podania przyczyny. W\u00f3wczas zadatek jest wyp\u0142acony Klientowi w ca\u0142o\u015bci jaki wp\u0142aci\u0142.<\/li><li>Kody rabatowe i zni\u017cki procentowe prosz\u0119 wskazywa\u0107 przy rezerwacji terminu sesji. Kody i zni\u017cki procentowe wskazane po dokonaniu rezerwacji sesji nie b\u0119d\u0105 uwzgl\u0119dniane.<\/li><li>W przypadku sp\u00f3\u017anienia si\u0119 Klienta na sesje wi\u0119cej ni\u017c 30 minut Studio mo\u017ce naliczy\u0107 dodatkowe op\u0142aty lub odm\u00f3wi\u0107 wykonania tatua\u017cu.<\/li><li>Korekty tatua\u017cu wykonujemy bezp\u0142atnie do 2 miesi\u0119cy od daty wykonania tatua\u017cu z wyj\u0105tkiem sytuacji, kiedy korekta jest konieczna z winy klienta.<\/li><\/ol><p><!-- \/wp:paragraph --><\/p>\t\t\t\t\t\t\t\t<\/div>\n\t\t\t\t<\/div>\n\t\t\t\t\t<\/div>\n\t\t<\/div>\n\t\t\t\t\t<\/div>\n\t\t<\/section>\n\t\t\t\t<\/div>\n\t\t","protected":false},"excerpt":{"rendered":"<p>Klient zobowi\u0105zany jest do zapoznania si\u0119 z tre\u015bci\u0105 regulaminu. Studio wykonuje wszystkie zabiegi tylko osobom pe\u0142noletnim. Osoby niepe\u0142noletnie \u2013 wymagana zgoda opiekuna prawnego na pi\u015bmie. Studio zapewnia sterylno\u015b\u0107 u\u017cywanych do zabieg\u00f3w narz\u0119dzi. Studio nie wykonuje zabieg\u00f3w osobom b\u0119d\u0105cym pod wp\u0142ywem alkoholu, narkotyk\u00f3w, \u015brodk\u00f3w psychoaktywnych i odurzaj\u0105cych. W studiu obowi\u0105zuje bezwzgl\u0119dny zakaz dotykania przedmiot\u00f3w s\u0142u\u017c\u0105cych do [&hellip;]<\/p>\n","protected":false},"author":1,"featured_media":0,"parent":0,"menu_order":0,"comment_status":"closed","ping_status":"closed","template":"","meta":{"footnotes":""},"class_list":["post-359","page","type-page","status-publish","hentry"],"blocksy_meta":{"styles_descriptor":{"styles":{"desktop":"","tablet":"","mobile":""},"google_fonts":[],"version":6}},"_links":{"self":[{"href":"https:\/\/kingsofink.pl\/index.php\/wp-json\/wp\/v2\/pages\/359","targetHints":{"allow":["GET"]}}],"collection":[{"href":"https:\/\/kingsofink.pl\/index.php\/wp-json\/wp\/v2\/pages"}],"about":[{"href":"https:\/\/kingsofink.pl\/index.php\/wp-json\/wp\/v2\/types\/page"}],"author":[{"embeddable":true,"href":"https:\/\/kingsofink.pl\/index.php\/wp-json\/wp\/v2\/users\/1"}],"replies":[{"embeddable":true,"href":"https:\/\/kingsofink.pl\/index.php\/wp-json\/wp\/v2\/comments?post=359"}],"version-history":[{"count":32,"href":"https:\/\/kingsofink.pl\/index.php\/wp-json\/wp\/v2\/pages\/359\/revisions"}],"predecessor-version":[{"id":4270,"href":"https:\/\/kingsofink.pl\/index.php\/wp-json\/wp\/v2\/pages\/359\/revisions\/4270"}],"wp:attachment":[{"href":"https:\/\/kingsofink.pl\/index.php\/wp-json\/wp\/v2\/media?parent=359"}],"curies":[{"name":"wp","href":"https:\/\/api.w.org\/{rel}","templated":true}]}}